{"id":249,"date":"2024-02-18T20:11:40","date_gmt":"2024-02-18T19:11:40","guid":{"rendered":"https:\/\/in-the-pocket.fr\/?page_id=249"},"modified":"2025-06-06T15:57:20","modified_gmt":"2025-06-06T13:57:20","slug":"impact-du-megot","status":"publish","type":"page","link":"https:\/\/in-the-pocket.fr\/index.php\/impact-du-megot\/","title":{"rendered":"Impact du m\u00e9got"},"content":{"rendered":"<p>[et_pb_section fb_built=\u00a0\u00bb1&Prime; disabled_on=\u00a0\u00bboff|off|off\u00a0\u00bb _builder_version=\u00a0\u00bb4.24.0&Prime; _module_preset=\u00a0\u00bbdefault\u00a0\u00bb background_color=\u00a0\u00bb#f4eee5&Prime; background_enable_image=\u00a0\u00bboff\u00a0\u00bb background_enable_mask_style=\u00a0\u00bbon\u00a0\u00bb background_mask_style=\u00a0\u00bbchevrons\u00a0\u00bb custom_padding=\u00a0\u00bb159px|||||\u00a0\u00bb locked=\u00a0\u00bboff\u00a0\u00bb global_colors_info=\u00a0\u00bb{}\u00a0\u00bb][et_pb_row _builder_version=\u00a0\u00bb4.24.0&Prime; _module_preset=\u00a0\u00bbdefault\u00a0\u00bb global_colors_info=\u00a0\u00bb{}\u00a0\u00bb][et_pb_column type=\u00a0\u00bb4_4&Prime; _builder_version=\u00a0\u00bb4.24.0&Prime; _module_preset=\u00a0\u00bbdefault\u00a0\u00bb global_colors_info=\u00a0\u00bb{}\u00a0\u00bb][et_pb_heading title=\u00a0\u00bbImpact du m\u00e9got\u00a0\u00bb _builder_version=\u00a0\u00bb4.24.0&Prime; _module_preset=\u00a0\u00bbdefault\u00a0\u00bb title_level=\u00a0\u00bbh2&Prime; title_font=\u00a0\u00bbAlice|700||on|||||\u00a0\u00bb title_text_align=\u00a0\u00bbcenter\u00a0\u00bb title_text_color=\u00a0\u00bb#000000&Prime; title_font_size=\u00a0\u00bb38px\u00a0\u00bb title_letter_spacing=\u00a0\u00bb12px\u00a0\u00bb title_letter_spacing_tablet=\u00a0\u00bb12px\u00a0\u00bb title_letter_spacing_phone=\u00a0\u00bb6px\u00a0\u00bb title_letter_spacing_last_edited=\u00a0\u00bbon|desktop\u00a0\u00bb global_colors_info=\u00a0\u00bb{}\u00a0\u00bb][\/et_pb_heading][\/et_pb_column][\/et_pb_row][\/et_pb_section][et_pb_section fb_built=\u00a0\u00bb1&Prime; _builder_version=\u00a0\u00bb4.24.0&Prime; _module_preset=\u00a0\u00bbdefault\u00a0\u00bb background_color=\u00a0\u00bb#f4eee5&Prime; global_colors_info=\u00a0\u00bb{}\u00a0\u00bb][et_pb_row _builder_version=\u00a0\u00bb4.24.0&Prime; _module_preset=\u00a0\u00bbdefault\u00a0\u00bb global_colors_info=\u00a0\u00bb{}\u00a0\u00bb][et_pb_column type=\u00a0\u00bb4_4&Prime; _builder_version=\u00a0\u00bb4.24.0&Prime; _module_preset=\u00a0\u00bbdefault\u00a0\u00bb global_colors_info=\u00a0\u00bb{}\u00a0\u00bb][et_pb_text _builder_version=\u00a0\u00bb4.24.0&Prime; _module_preset=\u00a0\u00bbdefault\u00a0\u00bb global_colors_info=\u00a0\u00bb{}\u00a0\u00bb]<\/p>\n<p><span style=\"font-family: inherit; font-weight: normal; color: #000000;\">La pollution par les m\u00e9gots est un probl\u00e8me environnemental important, souvent sous estim\u00e9 par son ampleur. Chaque ann\u00e9e, <strong>des milliards de m\u00e9gots sont jet\u00e9s dans la nature, ce qui en fait l&rsquo;un des d\u00e9chets les plus courants. <\/strong><\/span><\/p>\n<p><span style=\"font-family: inherit; font-weight: normal; color: #000000;\">Les filtres de cigarette sont faits de plastique et mettent <span style=\"font-size: large;\"><strong>12 ans \u00e0 se d\u00e9composer<\/strong><\/span>. Pendant ce temps, <span style=\"font-size: large;\"><strong>ils lib\u00e8rent des substances toxiques qui peuvent polluer les sols et l&rsquo;eau, et nuire aux animaux et aux plantes. <\/strong><\/span><\/span><\/p>\n<p><span style=\"font-family: inherit; font-weight: normal; color: #000000;\">Pour prot\u00e9ger notre environnement, il est crucial de <strong>sensibiliser<\/strong> le public \u00e0 ce probl\u00e8me et de mettre en place des solutions pour r\u00e9duire cette pollution comme nos <strong>cendriers de poche<\/strong> made in France et personnalisables.<\/span><\/p>\n<p>[\/et_pb_text][et_pb_button button_url=\u00a0\u00bbhttps:\/\/in-the-pocket.fr\/index.php\/nos\/?et_fb=1&#038;PageSpeed=off\u00a0\u00bb button_text=\u00a0\u00bbNos solutions\u00a0\u00bb disabled_on=\u00a0\u00bbon|on|off\u00a0\u00bb _builder_version=\u00a0\u00bb4.24.0&Prime; _module_preset=\u00a0\u00bbdefault\u00a0\u00bb custom_button=\u00a0\u00bbon\u00a0\u00bb button_text_color=\u00a0\u00bb#000000&Prime; button_border_color=\u00a0\u00bb#000000&Prime; button_font=\u00a0\u00bb|800|||||||\u00a0\u00bb background_layout=\u00a0\u00bbdark\u00a0\u00bb custom_margin=\u00a0\u00bb||10px|||\u00a0\u00bb animation_style=\u00a0\u00bbfade\u00a0\u00bb locked=\u00a0\u00bboff\u00a0\u00bb global_colors_info=\u00a0\u00bb{}\u00a0\u00bb][\/et_pb_button][\/et_pb_column][\/et_pb_row][et_pb_row column_structure=\u00a0\u00bb1_2,1_2&Prime; _builder_version=\u00a0\u00bb4.24.0&Prime; _module_preset=\u00a0\u00bbdefault\u00a0\u00bb global_colors_info=\u00a0\u00bb{}\u00a0\u00bb][et_pb_column type=\u00a0\u00bb1_2&Prime; _builder_version=\u00a0\u00bb4.24.0&Prime; _module_preset=\u00a0\u00bbdefault\u00a0\u00bb global_colors_info=\u00a0\u00bb{}\u00a0\u00bb][et_pb_image src=\u00a0\u00bbhttp:\/\/in-the-pocket.fr\/wp-content\/uploads\/2024\/05\/Design-sans-titre-6.png\u00a0\u00bb title_text=\u00a0\u00bbDesign sans titre-6&Prime; _builder_version=\u00a0\u00bb4.24.0&Prime; _module_preset=\u00a0\u00bbdefault\u00a0\u00bb width=\u00a0\u00bb40%\u00a0\u00bb max_width=\u00a0\u00bb59%\u00a0\u00bb module_alignment=\u00a0\u00bbcenter\u00a0\u00bb global_colors_info=\u00a0\u00bb{}\u00a0\u00bb][\/et_pb_image][\/et_pb_column][et_pb_column type=\u00a0\u00bb1_2&Prime; _builder_version=\u00a0\u00bb4.24.0&Prime; _module_preset=\u00a0\u00bbdefault\u00a0\u00bb global_colors_info=\u00a0\u00bb{}\u00a0\u00bb][et_pb_text _builder_version=\u00a0\u00bb4.24.0&Prime; _module_preset=\u00a0\u00bbdefault\u00a0\u00bb global_colors_info=\u00a0\u00bb{}\u00a0\u00bb]<\/p>\n<p style=\"text-align: center;\"><span style=\"color: #000000; font-family: inherit; font-weight: normal; font-size: large;\"><strong><span style=\"font-size: x-large;\">1 m\u00e9got peut polluer \u00e0 lui seul 500 litres d&rsquo;eau<\/span>, <\/strong>on estime qu\u2019il repr\u00e9sente pr\u00e8s de 40 % des d\u00e9chets pr\u00e9sents en mer M\u00e9diterran\u00e9e.<\/span><\/p>\n<p>[\/et_pb_text][\/et_pb_column][\/et_pb_row][et_pb_row column_structure=\u00a0\u00bb1_2,1_2&Prime; _builder_version=\u00a0\u00bb4.24.0&Prime; _module_preset=\u00a0\u00bbdefault\u00a0\u00bb global_colors_info=\u00a0\u00bb{}\u00a0\u00bb][et_pb_column type=\u00a0\u00bb1_2&Prime; _builder_version=\u00a0\u00bb4.24.0&Prime; _module_preset=\u00a0\u00bbdefault\u00a0\u00bb global_colors_info=\u00a0\u00bb{}\u00a0\u00bb][et_pb_image src=\u00a0\u00bbhttp:\/\/in-the-pocket.fr\/wp-content\/uploads\/2024\/05\/Design-sans-titre-7.png\u00a0\u00bb title_text=\u00a0\u00bbDesign sans titre-7&Prime; _builder_version=\u00a0\u00bb4.24.0&Prime; _module_preset=\u00a0\u00bbdefault\u00a0\u00bb width=\u00a0\u00bb40%\u00a0\u00bb max_width=\u00a0\u00bb59%\u00a0\u00bb module_alignment=\u00a0\u00bbcenter\u00a0\u00bb global_colors_info=\u00a0\u00bb{}\u00a0\u00bb][\/et_pb_image][\/et_pb_column][et_pb_column type=\u00a0\u00bb1_2&Prime; _builder_version=\u00a0\u00bb4.24.0&Prime; _module_preset=\u00a0\u00bbdefault\u00a0\u00bb global_colors_info=\u00a0\u00bb{}\u00a0\u00bb][et_pb_text _builder_version=\u00a0\u00bb4.24.0&Prime; _module_preset=\u00a0\u00bbdefault\u00a0\u00bb global_colors_info=\u00a0\u00bb{}\u00a0\u00bb]<\/p>\n<p style=\"text-align: center;\"><span style=\"font-size: medium; font-family: inherit; font-weight: normal;\"><span style=\"font-size: large;\"><strong style=\"color: #000000;\"><\/strong><\/span><span style=\"color: #000000; font-size: large;\"><span style=\"color: #000000;\"><strong>5 minutes <\/strong>pour fumer une cigarette<strong>, <span style=\"font-size: x-large;\">12 ans <\/span><\/strong>pour qu\u2019un m\u00e9got se<span style=\"font-size: x-large;\"><strong> d\u00e9compose dans la nature..<\/strong><\/span><\/span><\/span><span style=\"font-size: x-large;\"><span style=\"color: #000000;\"><\/span><\/span><\/span><\/p>\n<p>[\/et_pb_text][\/et_pb_column][\/et_pb_row][et_pb_row column_structure=\u00a0\u00bb1_2,1_2&Prime; _builder_version=\u00a0\u00bb4.24.0&Prime; _module_preset=\u00a0\u00bbdefault\u00a0\u00bb global_colors_info=\u00a0\u00bb{}\u00a0\u00bb][et_pb_column type=\u00a0\u00bb1_2&Prime; _builder_version=\u00a0\u00bb4.24.0&Prime; _module_preset=\u00a0\u00bbdefault\u00a0\u00bb global_colors_info=\u00a0\u00bb{}\u00a0\u00bb][et_pb_image src=\u00a0\u00bbhttp:\/\/in-the-pocket.fr\/wp-content\/uploads\/2024\/05\/Design-sans-titre-5-1.png\u00a0\u00bb title_text=\u00a0\u00bbDesign sans titre-5&Prime; _builder_version=\u00a0\u00bb4.24.0&Prime; _module_preset=\u00a0\u00bbdefault\u00a0\u00bb width=\u00a0\u00bb40%\u00a0\u00bb max_width=\u00a0\u00bb59%\u00a0\u00bb module_alignment=\u00a0\u00bbcenter\u00a0\u00bb global_colors_info=\u00a0\u00bb{}\u00a0\u00bb][\/et_pb_image][\/et_pb_column][et_pb_column type=\u00a0\u00bb1_2&Prime; _builder_version=\u00a0\u00bb4.24.0&Prime; _module_preset=\u00a0\u00bbdefault\u00a0\u00bb global_colors_info=\u00a0\u00bb{}\u00a0\u00bb][et_pb_text _builder_version=\u00a0\u00bb4.24.0&Prime; _module_preset=\u00a0\u00bbdefault\u00a0\u00bb global_colors_info=\u00a0\u00bb{}\u00a0\u00bb]<\/p>\n<p style=\"text-align: center;\"><span style=\"color: #000000; font-family: inherit; font-size: medium; font-weight: normal;\">Chaque ann\u00e9e, <span style=\"font-size: large;\"><strong>7,7 milliards de m\u00e9gots de cigarettes sont jet\u00e9s dans l\u2019espace public<\/strong>. <\/span><\/span><\/p>\n<p style=\"text-align: center;\"><span style=\"color: #000000; font-family: inherit; font-size: medium; font-weight: normal;\">Une grande partie d\u2019entre eux finit dans les eaux pluviales puis dans les oc\u00e9ans.<\/span><\/p>\n<p>[\/et_pb_text][\/et_pb_column][\/et_pb_row][et_pb_row column_structure=\u00a0\u00bb1_2,1_2&Prime; _builder_version=\u00a0\u00bb4.24.0&Prime; _module_preset=\u00a0\u00bbdefault\u00a0\u00bb global_colors_info=\u00a0\u00bb{}\u00a0\u00bb][et_pb_column type=\u00a0\u00bb1_2&Prime; _builder_version=\u00a0\u00bb4.24.0&Prime; _module_preset=\u00a0\u00bbdefault\u00a0\u00bb global_colors_info=\u00a0\u00bb{}\u00a0\u00bb][et_pb_image src=\u00a0\u00bbhttp:\/\/in-the-pocket.fr\/wp-content\/uploads\/2024\/05\/Design-sans-titre-4-2.png\u00a0\u00bb title_text=\u00a0\u00bbDesign sans titre-4&Prime; _builder_version=\u00a0\u00bb4.24.0&Prime; _module_preset=\u00a0\u00bbdefault\u00a0\u00bb width=\u00a0\u00bb40%\u00a0\u00bb max_width=\u00a0\u00bb59%\u00a0\u00bb module_alignment=\u00a0\u00bbcenter\u00a0\u00bb global_colors_info=\u00a0\u00bb{}\u00a0\u00bb][\/et_pb_image][\/et_pb_column][et_pb_column type=\u00a0\u00bb1_2&Prime; _builder_version=\u00a0\u00bb4.24.0&Prime; _module_preset=\u00a0\u00bbdefault\u00a0\u00bb global_colors_info=\u00a0\u00bb{}\u00a0\u00bb][et_pb_text _builder_version=\u00a0\u00bb4.24.0&Prime; _module_preset=\u00a0\u00bbdefault\u00a0\u00bb global_colors_info=\u00a0\u00bb{}\u00a0\u00bb]<\/p>\n<p style=\"text-align: center;\"><span style=\"font-size: medium; font-family: inherit; font-weight: normal;\"><span style=\"font-size: large;\"><strong style=\"color: #000000;\">1\/10 des incendies<\/strong><\/span><span style=\"color: #000000;\"> qui se d\u00e9clarent dans le monde serait d\u00fb \u00e0<\/span><strong style=\"color: #000000;\"> des m\u00e9gots<\/strong><span style=\"color: #000000;\"> de cigarettes, soit <\/span><span style=\"font-size: x-large;\"><strong style=\"color: #000000;\">30 000 par an<\/strong><span style=\"color: #000000;\">.<\/span><\/span><\/span><\/p>\n<p>[\/et_pb_text][\/et_pb_column][\/et_pb_row][\/et_pb_section][et_pb_section fb_built=\u00a0\u00bb1&Prime; _builder_version=\u00a0\u00bb4.24.0&Prime; _module_preset=\u00a0\u00bbdefault\u00a0\u00bb background_color=\u00a0\u00bb#f4eee5&Prime; custom_padding=\u00a0\u00bb0px|||||\u00a0\u00bb locked=\u00a0\u00bboff\u00a0\u00bb global_colors_info=\u00a0\u00bb{}\u00a0\u00bb][et_pb_row column_structure=\u00a0\u00bb1_3,1_3,1_3&Prime; _builder_version=\u00a0\u00bb4.24.0&Prime; _module_preset=\u00a0\u00bbdefault\u00a0\u00bb border_width_top=\u00a0\u00bb1px\u00a0\u00bb global_colors_info=\u00a0\u00bb{}\u00a0\u00bb][et_pb_column type=\u00a0\u00bb1_3&Prime; _builder_version=\u00a0\u00bb4.24.0&Prime; _module_preset=\u00a0\u00bbdefault\u00a0\u00bb global_colors_info=\u00a0\u00bb{}\u00a0\u00bb][et_pb_image src=\u00a0\u00bbhttp:\/\/in-the-pocket.fr\/wp-content\/uploads\/2024\/02\/1.png\u00a0\u00bb title_text=\u00a0\u00bb1&Prime; _builder_version=\u00a0\u00bb4.24.0&Prime; _module_preset=\u00a0\u00bbdefault\u00a0\u00bb max_width=\u00a0\u00bb60%\u00a0\u00bb custom_margin=\u00a0\u00bb-43px||0px||false|false\u00a0\u00bb custom_padding=\u00a0\u00bb||0px||false|false\u00a0\u00bb global_colors_info=\u00a0\u00bb{}\u00a0\u00bb][\/et_pb_image][\/et_pb_column][et_pb_column type=\u00a0\u00bb1_3&Prime; _builder_version=\u00a0\u00bb4.24.0&Prime; _module_preset=\u00a0\u00bbdefault\u00a0\u00bb global_colors_info=\u00a0\u00bb{}\u00a0\u00bb][et_pb_text _builder_version=\u00a0\u00bb4.24.0&Prime; _module_preset=\u00a0\u00bbdefault\u00a0\u00bb locked=\u00a0\u00bboff\u00a0\u00bb inline_fonts=\u00a0\u00bbAlice\u00a0\u00bb global_colors_info=\u00a0\u00bb{}\u00a0\u00bb]<\/p>\n<p><span style=\"font-family: inherit; font-weight: normal; color: #000000;\"><span style=\"font-size: large;\"><strong>Adresse<\/strong> <\/span>: 48 rue emile zola, 50100 CHERBOURG-EN-COTENTIN<\/span><\/p>\n<p><span style=\"font-family: inherit;\"><strong><span style=\"font-size: large; color: #000000;\">Mail <\/span><\/strong>: <a href=\"mailto:in-the-pocket@outlook.fr\">contact@in-the-pocket.fr<\/a><\/span><\/p>\n<p>&nbsp;<\/p>\n<p>[\/et_pb_text][\/et_pb_column][et_pb_column type=\u00a0\u00bb1_3&Prime; _builder_version=\u00a0\u00bb4.24.0&Prime; _module_preset=\u00a0\u00bbdefault\u00a0\u00bb global_colors_info=\u00a0\u00bb{}\u00a0\u00bb][et_pb_text _builder_version=\u00a0\u00bb4.24.0&Prime; _module_preset=\u00a0\u00bbdefault\u00a0\u00bb text_font=\u00a0\u00bb|||||on|||\u00a0\u00bb locked=\u00a0\u00bboff\u00a0\u00bb inline_fonts=\u00a0\u00bbAlice\u00a0\u00bb global_colors_info=\u00a0\u00bb{}\u00a0\u00bb]<\/p>\n<p><span style=\"color: #000000; font-family: inherit; font-weight: normal; font-size: x-large;\"><strong>Retrouvez-nous<\/strong><\/span><\/p>\n<p>[\/et_pb_text][et_pb_social_media_follow _builder_version=\u00a0\u00bb4.24.0&Prime; _module_preset=\u00a0\u00bbdefault\u00a0\u00bb hover_enabled=\u00a0\u00bb0&Prime; global_colors_info=\u00a0\u00bb{}\u00a0\u00bb sticky_enabled=\u00a0\u00bb0&Prime;][et_pb_social_media_follow_network social_network=\u00a0\u00bbfacebook\u00a0\u00bb url=\u00a0\u00bbhttps:\/\/www.facebook.com\/profile.php?id=61557383665193&Prime; _builder_version=\u00a0\u00bb4.24.0&Prime; _module_preset=\u00a0\u00bbdefault\u00a0\u00bb background_color=\u00a0\u00bb#3b5998&Prime; global_colors_info=\u00a0\u00bb{}\u00a0\u00bb follow_button=\u00a0\u00bboff\u00a0\u00bb url_new_window=\u00a0\u00bbon\u00a0\u00bb]facebook[\/et_pb_social_media_follow_network][et_pb_social_media_follow_network social_network=\u00a0\u00bbinstagram\u00a0\u00bb url=\u00a0\u00bbhttps:\/\/www.instagram.com\/inthepocket_lucy\/\u00a0\u00bb _builder_version=\u00a0\u00bb4.24.0&Prime; _module_preset=\u00a0\u00bbdefault\u00a0\u00bb background_color=\u00a0\u00bb#ea2c59&Prime; global_colors_info=\u00a0\u00bb{}\u00a0\u00bb follow_button=\u00a0\u00bboff\u00a0\u00bb url_new_window=\u00a0\u00bbon\u00a0\u00bb]instagram[\/et_pb_social_media_follow_network][\/et_pb_social_media_follow][\/et_pb_column][\/et_pb_row][et_pb_row _builder_version=\u00a0\u00bb4.24.0&Prime; _module_preset=\u00a0\u00bbdefault\u00a0\u00bb global_colors_info=\u00a0\u00bb{}\u00a0\u00bb][et_pb_column type=\u00a0\u00bb4_4&Prime; _builder_version=\u00a0\u00bb4.24.0&Prime; _module_preset=\u00a0\u00bbdefault\u00a0\u00bb global_colors_info=\u00a0\u00bb{}\u00a0\u00bb][et_pb_text _builder_version=\u00a0\u00bb4.24.0&Prime; _dynamic_attributes=\u00a0\u00bbcontent\u00a0\u00bb _module_preset=\u00a0\u00bb8b10afe5-6481-4baf-a553-ce6a1d0216df\u00a0\u00bb text_font=\u00a0\u00bb|600|||||||\u00a0\u00bb text_text_color=\u00a0\u00bb#000000&Prime; text_font_size=\u00a0\u00bb17px\u00a0\u00bb header_font=\u00a0\u00bb||||||||\u00a0\u00bb text_orientation=\u00a0\u00bbcenter\u00a0\u00bb locked=\u00a0\u00bboff\u00a0\u00bb global_colors_info=\u00a0\u00bb{}\u00a0\u00bb]@ET-DC@eyJkeW5hbWljIjp0cnVlLCJjb250ZW50IjoiY3VycmVudF9kYXRlIiwic2V0dGluZ3MiOnsiYmVmb3JlIjoiQ29weXJpZ2h0ICZjb3B5OyAiLCJhZnRlciI6IiBTQVMgSU4tVEhFLVBPQ0tFVC4gVG91cyBkcm9pdHMgclx1MDBlOXNlcnZcdTAwZTlzLiIsImRhdGVfZm9ybWF0IjoiY3VzdG9tIiwiY3VzdG9tX2RhdGVfZm9ybWF0IjoiWSJ9fQ==@[\/et_pb_text][\/et_pb_column][\/et_pb_row][\/et_pb_section]<\/p>\n","protected":false},"excerpt":{"rendered":"<p>La pollution par les m\u00e9gots est un probl\u00e8me environnemental important, souvent sous estim\u00e9 par son ampleur. Chaque ann\u00e9e, des milliards de m\u00e9gots sont jet\u00e9s dans la nature, ce qui en fait l&rsquo;un des d\u00e9chets les plus courants. Les filtres de cigarette sont faits de plastique et mettent 12 ans \u00e0 se d\u00e9composer. Pendant ce temps, [&hellip;]<\/p>\n","protected":false},"author":1,"featured_media":0,"parent":0,"menu_order":3,"comment_status":"closed","ping_status":"closed","template":"","meta":{"_et_pb_use_builder":"on","_et_pb_old_content":"","_et_gb_content_width":"","footnotes":""},"class_list":["post-249","page","type-page","status-publish","hentry"],"yoast_head":"<!-- This site is optimized with the Yoast SEO plugin v24.7 - https:\/\/yoast.com\/wordpress\/plugins\/seo\/ -->\n<title>Impact du m\u00e9got - In the pocket<\/title>\n<meta name=\"robots\" content=\"index, follow, max-snippet:-1, max-image-preview:large, max-video-preview:-1\" \/>\n<link rel=\"canonical\" href=\"https:\/\/in-the-pocket.fr\/index.php\/impact-du-megot\/\" \/>\n<meta property=\"og:locale\" content=\"fr_FR\" \/>\n<meta property=\"og:type\" content=\"article\" \/>\n<meta property=\"og:title\" content=\"Impact du m\u00e9got - In the pocket\" \/>\n<meta property=\"og:description\" content=\"La pollution par les m\u00e9gots est un probl\u00e8me environnemental important, souvent sous estim\u00e9 par son ampleur. Chaque ann\u00e9e, des milliards de m\u00e9gots sont jet\u00e9s dans la nature, ce qui en fait l&#039;un des d\u00e9chets les plus courants. Les filtres de cigarette sont faits de plastique et mettent 12 ans \u00e0 se d\u00e9composer. Pendant ce temps, [&hellip;]\" \/>\n<meta property=\"og:url\" content=\"https:\/\/in-the-pocket.fr\/index.php\/impact-du-megot\/\" \/>\n<meta property=\"og:site_name\" content=\"In the pocket\" \/>\n<meta property=\"article:publisher\" content=\"https:\/\/www.facebook.com\/profile.php?id=61557383665193\" \/>\n<meta property=\"article:modified_time\" content=\"2025-06-06T13:57:20+00:00\" \/>\n<meta name=\"twitter:card\" content=\"summary_large_image\" \/>\n<meta name=\"twitter:label1\" content=\"Dur\u00e9e de lecture estim\u00e9e\" \/>\n\t<meta name=\"twitter:data1\" content=\"6 minutes\" \/>\n<script type=\"application\/ld+json\" class=\"yoast-schema-graph\">{\"@context\":\"https:\/\/schema.org\",\"@graph\":[{\"@type\":\"WebPage\",\"@id\":\"https:\/\/in-the-pocket.fr\/index.php\/impact-du-megot\/\",\"url\":\"https:\/\/in-the-pocket.fr\/index.php\/impact-du-megot\/\",\"name\":\"Impact du m\u00e9got - In the pocket\",\"isPartOf\":{\"@id\":\"https:\/\/in-the-pocket.fr\/#website\"},\"datePublished\":\"2024-02-18T19:11:40+00:00\",\"dateModified\":\"2025-06-06T13:57:20+00:00\",\"breadcrumb\":{\"@id\":\"https:\/\/in-the-pocket.fr\/index.php\/impact-du-megot\/#breadcrumb\"},\"inLanguage\":\"fr-FR\",\"potentialAction\":[{\"@type\":\"ReadAction\",\"target\":[\"https:\/\/in-the-pocket.fr\/index.php\/impact-du-megot\/\"]}]},{\"@type\":\"BreadcrumbList\",\"@id\":\"https:\/\/in-the-pocket.fr\/index.php\/impact-du-megot\/#breadcrumb\",\"itemListElement\":[{\"@type\":\"ListItem\",\"position\":1,\"name\":\"Accueil\",\"item\":\"https:\/\/in-the-pocket.fr\/\"},{\"@type\":\"ListItem\",\"position\":2,\"name\":\"Impact du m\u00e9got\"}]},{\"@type\":\"WebSite\",\"@id\":\"https:\/\/in-the-pocket.fr\/#website\",\"url\":\"https:\/\/in-the-pocket.fr\/\",\"name\":\"In the pocket\",\"description\":\"Cendriers de poche personnalisables\",\"publisher\":{\"@id\":\"https:\/\/in-the-pocket.fr\/#organization\"},\"potentialAction\":[{\"@type\":\"SearchAction\",\"target\":{\"@type\":\"EntryPoint\",\"urlTemplate\":\"https:\/\/in-the-pocket.fr\/?s={search_term_string}\"},\"query-input\":{\"@type\":\"PropertyValueSpecification\",\"valueRequired\":true,\"valueName\":\"search_term_string\"}}],\"inLanguage\":\"fr-FR\"},{\"@type\":\"Organization\",\"@id\":\"https:\/\/in-the-pocket.fr\/#organization\",\"name\":\"In the pocket\",\"url\":\"https:\/\/in-the-pocket.fr\/\",\"logo\":{\"@type\":\"ImageObject\",\"inLanguage\":\"fr-FR\",\"@id\":\"https:\/\/in-the-pocket.fr\/#\/schema\/logo\/image\/\",\"url\":\"https:\/\/in-the-pocket.fr\/wp-content\/uploads\/2024\/02\/1.png\",\"contentUrl\":\"https:\/\/in-the-pocket.fr\/wp-content\/uploads\/2024\/02\/1.png\",\"width\":1563,\"height\":1563,\"caption\":\"In the pocket\"},\"image\":{\"@id\":\"https:\/\/in-the-pocket.fr\/#\/schema\/logo\/image\/\"},\"sameAs\":[\"https:\/\/www.facebook.com\/profile.php?id=61557383665193\",\"https:\/\/www.instagram.com\/inthepocket_lucy\/\"]}]}<\/script>\n<!-- \/ Yoast SEO plugin. -->","yoast_head_json":{"title":"Impact du m\u00e9got - In the pocket","robots":{"index":"index","follow":"follow","max-snippet":"max-snippet:-1","max-image-preview":"max-image-preview:large","max-video-preview":"max-video-preview:-1"},"canonical":"https:\/\/in-the-pocket.fr\/index.php\/impact-du-megot\/","og_locale":"fr_FR","og_type":"article","og_title":"Impact du m\u00e9got - In the pocket","og_description":"La pollution par les m\u00e9gots est un probl\u00e8me environnemental important, souvent sous estim\u00e9 par son ampleur. Chaque ann\u00e9e, des milliards de m\u00e9gots sont jet\u00e9s dans la nature, ce qui en fait l'un des d\u00e9chets les plus courants. Les filtres de cigarette sont faits de plastique et mettent 12 ans \u00e0 se d\u00e9composer. Pendant ce temps, [&hellip;]","og_url":"https:\/\/in-the-pocket.fr\/index.php\/impact-du-megot\/","og_site_name":"In the pocket","article_publisher":"https:\/\/www.facebook.com\/profile.php?id=61557383665193","article_modified_time":"2025-06-06T13:57:20+00:00","twitter_card":"summary_large_image","twitter_misc":{"Dur\u00e9e de lecture estim\u00e9e":"6 minutes"},"schema":{"@context":"https:\/\/schema.org","@graph":[{"@type":"WebPage","@id":"https:\/\/in-the-pocket.fr\/index.php\/impact-du-megot\/","url":"https:\/\/in-the-pocket.fr\/index.php\/impact-du-megot\/","name":"Impact du m\u00e9got - In the pocket","isPartOf":{"@id":"https:\/\/in-the-pocket.fr\/#website"},"datePublished":"2024-02-18T19:11:40+00:00","dateModified":"2025-06-06T13:57:20+00:00","breadcrumb":{"@id":"https:\/\/in-the-pocket.fr\/index.php\/impact-du-megot\/#breadcrumb"},"inLanguage":"fr-FR","potentialAction":[{"@type":"ReadAction","target":["https:\/\/in-the-pocket.fr\/index.php\/impact-du-megot\/"]}]},{"@type":"BreadcrumbList","@id":"https:\/\/in-the-pocket.fr\/index.php\/impact-du-megot\/#breadcrumb","itemListElement":[{"@type":"ListItem","position":1,"name":"Accueil","item":"https:\/\/in-the-pocket.fr\/"},{"@type":"ListItem","position":2,"name":"Impact du m\u00e9got"}]},{"@type":"WebSite","@id":"https:\/\/in-the-pocket.fr\/#website","url":"https:\/\/in-the-pocket.fr\/","name":"In the pocket","description":"Cendriers de poche personnalisables","publisher":{"@id":"https:\/\/in-the-pocket.fr\/#organization"},"potentialAction":[{"@type":"SearchAction","target":{"@type":"EntryPoint","urlTemplate":"https:\/\/in-the-pocket.fr\/?s={search_term_string}"},"query-input":{"@type":"PropertyValueSpecification","valueRequired":true,"valueName":"search_term_string"}}],"inLanguage":"fr-FR"},{"@type":"Organization","@id":"https:\/\/in-the-pocket.fr\/#organization","name":"In the pocket","url":"https:\/\/in-the-pocket.fr\/","logo":{"@type":"ImageObject","inLanguage":"fr-FR","@id":"https:\/\/in-the-pocket.fr\/#\/schema\/logo\/image\/","url":"https:\/\/in-the-pocket.fr\/wp-content\/uploads\/2024\/02\/1.png","contentUrl":"https:\/\/in-the-pocket.fr\/wp-content\/uploads\/2024\/02\/1.png","width":1563,"height":1563,"caption":"In the pocket"},"image":{"@id":"https:\/\/in-the-pocket.fr\/#\/schema\/logo\/image\/"},"sameAs":["https:\/\/www.facebook.com\/profile.php?id=61557383665193","https:\/\/www.instagram.com\/inthepocket_lucy\/"]}]}},"_links":{"self":[{"href":"https:\/\/in-the-pocket.fr\/index.php\/wp-json\/wp\/v2\/pages\/249","targetHints":{"allow":["GET"]}}],"collection":[{"href":"https:\/\/in-the-pocket.fr\/index.php\/wp-json\/wp\/v2\/pages"}],"about":[{"href":"https:\/\/in-the-pocket.fr\/index.php\/wp-json\/wp\/v2\/types\/page"}],"author":[{"embeddable":true,"href":"https:\/\/in-the-pocket.fr\/index.php\/wp-json\/wp\/v2\/users\/1"}],"replies":[{"embeddable":true,"href":"https:\/\/in-the-pocket.fr\/index.php\/wp-json\/wp\/v2\/comments?post=249"}],"version-history":[{"count":60,"href":"https:\/\/in-the-pocket.fr\/index.php\/wp-json\/wp\/v2\/pages\/249\/revisions"}],"predecessor-version":[{"id":1348,"href":"https:\/\/in-the-pocket.fr\/index.php\/wp-json\/wp\/v2\/pages\/249\/revisions\/1348"}],"wp:attachment":[{"href":"https:\/\/in-the-pocket.fr\/index.php\/wp-json\/wp\/v2\/media?parent=249"}],"curies":[{"name":"wp","href":"https:\/\/api.w.org\/{rel}","templated":true}]}}